{"id":1818,"date":"2026-01-06T02:35:20","date_gmt":"2026-01-06T02:35:20","guid":{"rendered":"https:\/\/khoiminh.com.vn\/?post_type=product&#038;p=1818"},"modified":"2026-03-25T04:37:58","modified_gmt":"2026-03-25T04:37:58","slug":"quat-ly-tam-ec-k3g450-pa31-03_km230204-ebmpapst","status":"publish","type":"product","link":"https:\/\/khoiminh.com.vn\/en\/product\/quat-ly-tam-ec-k3g450-pa31-03_km230204-ebmpapst\/","title":{"rendered":"EC CENTRIFUGAL FAN K3G450-PA31-03 (EBMPAPST)"},"content":{"rendered":"<p><strong><span style=\"color: #333399; font-size: 18pt;\">Technical Specifications<\/span><\/strong><table style=\"width: 100%; height: 333px;\">\n<tbody>\n<tr style=\"height: 37px;\">\n<th style=\"height: 37px;\"><span style=\"color: #000000;\">Parameter<\/span><\/th>\n<th style=\"height: 37px;\"><span style=\"color: #000000;\">Value<\/span><\/th>\n<\/tr>\n<tr style=\"height: 37px;\">\n<td style=\"height: 37px;\"><span style=\"color: #000000;\">Model<\/span><\/td>\n<td style=\"height: 37px;\"><span style=\"color: #000000;\">K3G450-PA31-03<\/span><\/td>\n<\/tr>\n<tr style=\"height: 37px;\">\n<td style=\"height: 37px;\" class=\"translation-block\"><span style=\"color: #000000\">Nominal  <span style=\"font-weight: 400;color: #000000\">Voltage<\/td>\n<td style=\"height: 37px;\"><span style=\"color: #000000;\">3~ 400 VAC (380&hellip;480 VAC)<\/span><\/td>\n<\/tr>\n<tr style=\"height: 37px;\">\n<td style=\"height: 37px;\"><span style=\"color: #000000;\">Frequency<\/span><\/td>\n<td style=\"height: 37px;\"><span style=\"color: #000000;\">50\/60 Hz<\/span><\/td>\n<\/tr>\n<tr style=\"height: 37px;\">\n<td style=\"height: 37px;\"><span style=\"color: #000000;\">T&#7889;c &#273;&#7897;<\/span><\/td>\n<td style=\"height: 37px;\"><span style=\"color: #000000;\">2480 rpm<\/span><\/td>\n<\/tr>\n<tr style=\"height: 37px;\">\n<td style=\"height: 37px;\"><span style=\"color: #000000;\">Power Consumption<\/span><\/td>\n<td style=\"height: 37px;\"><span style=\"color: #000000;\">4450 W<\/span><\/td>\n<\/tr>\n<tr style=\"height: 37px;\">\n<td style=\"height: 37px;\"><span style=\"color: #000000;\">Current Draw<\/span><\/td>\n<td style=\"height: 37px;\"><span style=\"color: #000000;\">6.8 A<\/span><\/td>\n<\/tr>\n<tr style=\"height: 37px;\">\n<td style=\"height: 37px;\"><span style=\"color: #000000;\">Ambient Temperature<\/span><\/td>\n<td style=\"height: 37px;\"><span style=\"color: #000000;\">-40 &hellip; +45 &deg;C<\/span><\/td>\n<\/tr>\n<tr style=\"height: 37px;\">\n<td style=\"height: 37px;\"><span style=\"color: #000000;\">Ch&#7871; &#273;&#7897; l&agrave;m vi&#7879;c<\/span><\/td>\n<td style=\"height: 37px;\"><span style=\"color: #000000;\">S1 (li&ecirc;n t&#7909;c)<\/span><\/td>\n<\/tr>\n<\/tbody>\n<\/table><p><strong><span style=\"color: #333399; font-size: 18pt;\">Typical Applications<\/span><\/strong><\/p><ul>\n<li><span style=\"color: #000000;\">AHU c&ocirc;ng nghi&#7879;p c&ocirc;ng su&#7845;t l&#7899;n<\/span><\/li>\n<li><span style=\"color: #000000;\">H&#7879; th&#7889;ng th&ocirc;ng gi&oacute; nh&agrave; m&aacute;y, x&#432;&#7903;ng s&#7843;n xu&#7845;t<\/span><\/li>\n<li><span style=\"color: #000000;\">Trung t&acirc;m th&#432;&#417;ng m&#7841;i, cao &#7889;c<\/span><\/li>\n<li><span style=\"color: #000000;\">Kho l&#7841;nh, h&#7879; th&#7889;ng l&agrave;m m&aacute;t c&ocirc;ng nghi&#7879;p<\/span><\/li>\n<li><span style=\"color: #000000;\">&#7912;ng d&#7909;ng HVAC y&ecirc;u c&#7847;u &#273;i&#7873;u khi&#7875;n t&#7921; &#273;&#7897;ng &amp; gi&aacute;m s&aacute;t t&#7915; xa<\/span><\/li>\n<\/ul><div id=\"attachment_1839\" style=\"width: 1484px\" class=\"wp-caption aligncenter\"><img loading=\"lazy\" decoding=\"async\" aria-describedby=\"caption-attachment-1839\" class=\"size-full wp-image-1839\" src=\"https:\/\/khoiminh.com.vn\/wp-content\/uploads\/2026\/01\/screenshot_1767685321.jpg\" alt=\"B&#7842;NG V&#7868; K&#7928; THU&#7852;T QU&#7840;T LY T&Acirc;M EC K3G450-PA31-03_KM230204 (EBMPAPST)\" width=\"1474\" height=\"646\" srcset=\"https:\/\/khoiminh.com.vn\/wp-content\/uploads\/2026\/01\/screenshot_1767685321.jpg 1474w, https:\/\/khoiminh.com.vn\/wp-content\/uploads\/2026\/01\/screenshot_1767685321-300x131.jpg 300w, https:\/\/khoiminh.com.vn\/wp-content\/uploads\/2026\/01\/screenshot_1767685321-1024x449.jpg 1024w, https:\/\/khoiminh.com.vn\/wp-content\/uploads\/2026\/01\/screenshot_1767685321-768x337.jpg 768w, https:\/\/khoiminh.com.vn\/wp-content\/uploads\/2026\/01\/screenshot_1767685321-18x8.jpg 18w, https:\/\/khoiminh.com.vn\/wp-content\/uploads\/2026\/01\/screenshot_1767685321-570x250.jpg 570w\" sizes=\"auto, (max-width: 1474px) 100vw, 1474px\" \/><p id=\"caption-attachment-1839\" class=\"wp-caption-text\"><span style=\"color: #000000;\">B&#7842;NG V&#7868; K&#7928; THU&#7852;T QU&#7840;T LY T&Acirc;M EC K3G450-PA31-03_KM230204 (EBMPAPST)<\/span><\/p><\/div><p><strong><span style=\"color: #000000;\">Datasheet<\/span><span style=\"color: #993300;\"><a style=\"color: #993300;\" href=\"https:\/\/drive.google.com\/file\/d\/1rqTBSYCIsZI9MGwdvYBzCg4Q6hP5TwxG\/view\"> Qua&#803;t Ly T&acirc;m EC K3G450-PA31-03_KM230204<\/a><\/span><\/strong><\/p><\/p>","protected":false},"excerpt":{"rendered":"<ul>\n<li class=\"translation-block\"><span style=\"color: #000000\"><strong>3-Phase EC Motor<\/strong> \u2013 Energy-saving, high efficiency<\/span><\/li>\n<li><span style=\"color: #000000;\">C&ocirc;ng su&#7845;t l&#7899;n <strong>4.45 kW<\/strong>, ph&ugrave; h&#7907;p h&#7879; th&#7889;ng th&ocirc;ng gi&oacute; c&ocirc;ng nghi&#7879;p<\/span><\/li>\n<li><span style=\"color: #000000;\"><strong>&#272;i&#7873;u khi&#7875;n th&ocirc;ng minh<\/strong>: PI controller t&iacute;ch h&#7907;p, MODBUS RTU<\/span><\/li>\n<li><span style=\"color: #000000;\"><strong>Kh&#7903;i &#273;&#7897;ng m&#7873;m<\/strong>, gi&#7899;i h&#7841;n d&ograve;ng &ndash; b&#7843;o v&#7879; h&#7879; th&#7889;ng &#273;i&#7879;n<\/span><\/li>\n<li><span style=\"color: #000000;\">Ho&#7841;t &#273;&#7897;ng &#7893;n &#273;&#7883;nh trong d&#7843;i nhi&#7879;t &#273;&#7897; r&#7897;ng <strong>-40&deg;C &#273;&#7871;n +45&deg;C<\/strong><\/span><\/li>\n<li><span style=\"color: #000000;\">K&#7871;t c&#7845;u kim lo&#7841;i ch&#7855;c ch&#7855;n, tu&#7893;i th&#7885; cao<\/span><\/li>\n<\/ul>","protected":false},"featured_media":1827,"comment_status":"open","ping_status":"closed","template":"","meta":[],"product_brand":[102],"product_cat":[134,79],"product_tag":[110,104,106],"class_list":{"0":"post-1818","1":"product","2":"type-product","3":"status-publish","4":"has-post-thumbnail","6":"product_brand-ebmpapst","7":"product_cat-ebmpapst","8":"product_cat-quat-ec","9":"product_tag-ebmpapst","10":"product_tag-quat-ec","11":"product_tag-quat-ly-tam","13":"first","14":"instock","15":"shipping-taxable","16":"product-type-simple"},"yoast_head":"<!-- This site is optimized with the Yoast SEO Premium plugin v24.8 (Yoast SEO v24.8) - https:\/\/yoast.com\/wordpress\/plugins\/seo\/ -->\n<title>QU\u1ea0T LY T\u00c2M EC K3G450-PA31-03 (EBMPAPST) - Kh\u1edfi Minh<\/title>\n<meta name=\"description\" content=\"Qu\u1ea1t ly t\u00e2m EC K3G450-PA31-03 l\u00e0 d\u00f2ng qu\u1ea1t c\u00f4ng su\u1ea5t l\u1edbn, thi\u1ebft k\u1ebf cho c\u00e1c h\u1ec7 th\u1ed1ng HVAC c\u00f4ng nghi\u1ec7p y\u00eau c\u1ea7u l\u01b0u l\u01b0\u1ee3ng cao, \u00e1p su\u1ea5t \u1ed5n \u0111\u1ecbnh v\u00e0 \u0111i\u1ec1u khi\u1ec3n th\u00f4ng minh. S\u1ea3n ph\u1ea9m s\u1eed d\u1ee5ng \u0111\u1ed9ng c\u01a1 EC 3 pha hi\u1ec7u su\u1ea5t cao, t\u00edch h\u1ee3p \u0111\u1ea7y \u0111\u1ee7 c\u00e1c chu\u1ea9n giao ti\u1ebfp c\u00f4ng nghi\u1ec7p, ph\u00f9 h\u1ee3p cho v\u1eadn h\u00e0nh li\u00ean t\u1ee5c trong m\u00f4i tr\u01b0\u1eddng kh\u1eafc nghi\u1ec7t.\" \/>\n<meta name=\"robots\" content=\"index, follow, max-snippet:-1, max-image-preview:large, max-video-preview:-1\" \/>\n<link rel=\"canonical\" href=\"https:\/\/khoiminh.com.vn\/en\/product\/quat-ly-tam-ec-k3g450-pa31-03_km230204-ebmpapst\/\" \/>\n<meta property=\"og:locale\" content=\"en_US\" \/>\n<meta property=\"og:type\" content=\"article\" \/>\n<meta property=\"og:title\" content=\"QU\u1ea0T LY T\u00c2M EC K3G450-PA31-03 (EBMPAPST)\" \/>\n<meta property=\"og:description\" content=\"Qu\u1ea1t ly t\u00e2m EC K3G450-PA31-03 l\u00e0 d\u00f2ng qu\u1ea1t c\u00f4ng su\u1ea5t l\u1edbn, thi\u1ebft k\u1ebf cho c\u00e1c h\u1ec7 th\u1ed1ng HVAC c\u00f4ng nghi\u1ec7p y\u00eau c\u1ea7u l\u01b0u l\u01b0\u1ee3ng cao, \u00e1p su\u1ea5t \u1ed5n \u0111\u1ecbnh v\u00e0 \u0111i\u1ec1u khi\u1ec3n th\u00f4ng minh. S\u1ea3n ph\u1ea9m s\u1eed d\u1ee5ng \u0111\u1ed9ng c\u01a1 EC 3 pha hi\u1ec7u su\u1ea5t cao, t\u00edch h\u1ee3p \u0111\u1ea7y \u0111\u1ee7 c\u00e1c chu\u1ea9n giao ti\u1ebfp c\u00f4ng nghi\u1ec7p, ph\u00f9 h\u1ee3p cho v\u1eadn h\u00e0nh li\u00ean t\u1ee5c trong m\u00f4i tr\u01b0\u1eddng kh\u1eafc nghi\u1ec7t.\" \/>\n<meta property=\"og:url\" content=\"https:\/\/khoiminh.com.vn\/en\/product\/quat-ly-tam-ec-k3g450-pa31-03_km230204-ebmpapst\/\" \/>\n<meta property=\"og:site_name\" content=\"Kh\u1edfi Minh\" \/>\n<meta property=\"article:modified_time\" content=\"2026-03-25T04:37:58+00:00\" \/>\n<meta property=\"og:image\" content=\"https:\/\/khoiminh.com.vn\/wp-content\/uploads\/2026\/01\/K3G400-PW03-01-2.jpg\" \/>\n\t<meta property=\"og:image:width\" content=\"900\" \/>\n\t<meta property=\"og:image:height\" content=\"900\" \/>\n\t<meta property=\"og:image:type\" content=\"image\/jpeg\" \/>\n<meta name=\"twitter:card\" content=\"summary_large_image\" \/>\n<meta name=\"twitter:label1\" content=\"Est. reading time\" \/>\n\t<meta name=\"twitter:data1\" content=\"2 minutes\" \/>\n<script type=\"application\/ld+json\" class=\"yoast-schema-graph\">{\"@context\":\"https:\/\/schema.org\",\"@graph\":[{\"@type\":\"WebPage\",\"@id\":\"https:\/\/khoiminh.com.vn\/san-pham\/quat-ly-tam-ec-k3g450-pa31-03_km230204-ebmpapst\/\",\"url\":\"https:\/\/khoiminh.com.vn\/san-pham\/quat-ly-tam-ec-k3g450-pa31-03_km230204-ebmpapst\/\",\"name\":\"QU\u1ea0T LY T\u00c2M EC K3G450-PA31-03 (EBMPAPST) - Kh\u1edfi Minh\",\"isPartOf\":{\"@id\":\"https:\/\/khoiminh.com.vn\/#website\"},\"primaryImageOfPage\":{\"@id\":\"https:\/\/khoiminh.com.vn\/san-pham\/quat-ly-tam-ec-k3g450-pa31-03_km230204-ebmpapst\/#primaryimage\"},\"image\":{\"@id\":\"https:\/\/khoiminh.com.vn\/san-pham\/quat-ly-tam-ec-k3g450-pa31-03_km230204-ebmpapst\/#primaryimage\"},\"thumbnailUrl\":\"https:\/\/khoiminh.com.vn\/wp-content\/uploads\/2026\/01\/K3G400-PW03-01-2.jpg\",\"datePublished\":\"2026-01-06T02:35:20+00:00\",\"dateModified\":\"2026-03-25T04:37:58+00:00\",\"description\":\"Qu\u1ea1t ly t\u00e2m EC K3G450-PA31-03 l\u00e0 d\u00f2ng qu\u1ea1t c\u00f4ng su\u1ea5t l\u1edbn, thi\u1ebft k\u1ebf cho c\u00e1c h\u1ec7 th\u1ed1ng HVAC c\u00f4ng nghi\u1ec7p y\u00eau c\u1ea7u l\u01b0u l\u01b0\u1ee3ng cao, \u00e1p su\u1ea5t \u1ed5n \u0111\u1ecbnh v\u00e0 \u0111i\u1ec1u khi\u1ec3n th\u00f4ng minh. S\u1ea3n ph\u1ea9m s\u1eed d\u1ee5ng \u0111\u1ed9ng c\u01a1 EC 3 pha hi\u1ec7u su\u1ea5t cao, t\u00edch h\u1ee3p \u0111\u1ea7y \u0111\u1ee7 c\u00e1c chu\u1ea9n giao ti\u1ebfp c\u00f4ng nghi\u1ec7p, ph\u00f9 h\u1ee3p cho v\u1eadn h\u00e0nh li\u00ean t\u1ee5c trong m\u00f4i tr\u01b0\u1eddng kh\u1eafc nghi\u1ec7t.\",\"breadcrumb\":{\"@id\":\"https:\/\/khoiminh.com.vn\/san-pham\/quat-ly-tam-ec-k3g450-pa31-03_km230204-ebmpapst\/#breadcrumb\"},\"inLanguage\":\"en-US\",\"potentialAction\":[{\"@type\":\"ReadAction\",\"target\":[\"https:\/\/khoiminh.com.vn\/san-pham\/quat-ly-tam-ec-k3g450-pa31-03_km230204-ebmpapst\/\"]}]},{\"@type\":\"ImageObject\",\"inLanguage\":\"en-US\",\"@id\":\"https:\/\/khoiminh.com.vn\/san-pham\/quat-ly-tam-ec-k3g450-pa31-03_km230204-ebmpapst\/#primaryimage\",\"url\":\"https:\/\/khoiminh.com.vn\/wp-content\/uploads\/2026\/01\/K3G400-PW03-01-2.jpg\",\"contentUrl\":\"https:\/\/khoiminh.com.vn\/wp-content\/uploads\/2026\/01\/K3G400-PW03-01-2.jpg\",\"width\":900,\"height\":900,\"caption\":\"K3G450-PA31-03\"},{\"@type\":\"BreadcrumbList\",\"@id\":\"https:\/\/khoiminh.com.vn\/san-pham\/quat-ly-tam-ec-k3g450-pa31-03_km230204-ebmpapst\/#breadcrumb\",\"itemListElement\":[{\"@type\":\"ListItem\",\"position\":1,\"name\":\"Home\",\"item\":\"https:\/\/khoiminh.com.vn\/\"},{\"@type\":\"ListItem\",\"position\":2,\"name\":\"S\u1ea3n ph\u1ea9m\",\"item\":\"https:\/\/khoiminh.com.vn\/san-pham\/\"},{\"@type\":\"ListItem\",\"position\":3,\"name\":\"QU\u1ea0T LY T\u00c2M EC K3G450-PA31-03 (EBMPAPST)\"}]},{\"@type\":\"WebSite\",\"@id\":\"https:\/\/khoiminh.com.vn\/#website\",\"url\":\"https:\/\/khoiminh.com.vn\/\",\"name\":\"Kh\u1edfi Minh\",\"description\":\"\",\"potentialAction\":[{\"@type\":\"SearchAction\",\"target\":{\"@type\":\"EntryPoint\",\"urlTemplate\":\"https:\/\/khoiminh.com.vn\/?s={search_term_string}\"},\"query-input\":{\"@type\":\"PropertyValueSpecification\",\"valueRequired\":true,\"valueName\":\"search_term_string\"}}],\"inLanguage\":\"en-US\"}]}<\/script>\n<!-- \/ Yoast SEO Premium plugin. -->","yoast_head_json":{"title":"QU\u1ea0T LY T\u00c2M EC K3G450-PA31-03 (EBMPAPST) - Kh\u1edfi Minh","description":"Qu\u1ea1t ly t\u00e2m EC K3G450-PA31-03 l\u00e0 d\u00f2ng qu\u1ea1t c\u00f4ng su\u1ea5t l\u1edbn, thi\u1ebft k\u1ebf cho c\u00e1c h\u1ec7 th\u1ed1ng HVAC c\u00f4ng nghi\u1ec7p y\u00eau c\u1ea7u l\u01b0u l\u01b0\u1ee3ng cao, \u00e1p su\u1ea5t \u1ed5n \u0111\u1ecbnh v\u00e0 \u0111i\u1ec1u khi\u1ec3n th\u00f4ng minh. S\u1ea3n ph\u1ea9m s\u1eed d\u1ee5ng \u0111\u1ed9ng c\u01a1 EC 3 pha hi\u1ec7u su\u1ea5t cao, t\u00edch h\u1ee3p \u0111\u1ea7y \u0111\u1ee7 c\u00e1c chu\u1ea9n giao ti\u1ebfp c\u00f4ng nghi\u1ec7p, ph\u00f9 h\u1ee3p cho v\u1eadn h\u00e0nh li\u00ean t\u1ee5c trong m\u00f4i tr\u01b0\u1eddng kh\u1eafc nghi\u1ec7t.","robots":{"index":"index","follow":"follow","max-snippet":"max-snippet:-1","max-image-preview":"max-image-preview:large","max-video-preview":"max-video-preview:-1"},"canonical":"https:\/\/khoiminh.com.vn\/en\/product\/quat-ly-tam-ec-k3g450-pa31-03_km230204-ebmpapst\/","og_locale":"en_US","og_type":"article","og_title":"QU\u1ea0T LY T\u00c2M EC K3G450-PA31-03 (EBMPAPST)","og_description":"Qu\u1ea1t ly t\u00e2m EC K3G450-PA31-03 l\u00e0 d\u00f2ng qu\u1ea1t c\u00f4ng su\u1ea5t l\u1edbn, thi\u1ebft k\u1ebf cho c\u00e1c h\u1ec7 th\u1ed1ng HVAC c\u00f4ng nghi\u1ec7p y\u00eau c\u1ea7u l\u01b0u l\u01b0\u1ee3ng cao, \u00e1p su\u1ea5t \u1ed5n \u0111\u1ecbnh v\u00e0 \u0111i\u1ec1u khi\u1ec3n th\u00f4ng minh. S\u1ea3n ph\u1ea9m s\u1eed d\u1ee5ng \u0111\u1ed9ng c\u01a1 EC 3 pha hi\u1ec7u su\u1ea5t cao, t\u00edch h\u1ee3p \u0111\u1ea7y \u0111\u1ee7 c\u00e1c chu\u1ea9n giao ti\u1ebfp c\u00f4ng nghi\u1ec7p, ph\u00f9 h\u1ee3p cho v\u1eadn h\u00e0nh li\u00ean t\u1ee5c trong m\u00f4i tr\u01b0\u1eddng kh\u1eafc nghi\u1ec7t.","og_url":"https:\/\/khoiminh.com.vn\/en\/product\/quat-ly-tam-ec-k3g450-pa31-03_km230204-ebmpapst\/","og_site_name":"Kh\u1edfi Minh","article_modified_time":"2026-03-25T04:37:58+00:00","og_image":[{"width":900,"height":900,"url":"https:\/\/khoiminh.com.vn\/wp-content\/uploads\/2026\/01\/K3G400-PW03-01-2.jpg","type":"image\/jpeg"}],"twitter_card":"summary_large_image","twitter_misc":{"Est. reading time":"2 minutes"},"schema":{"@context":"https:\/\/schema.org","@graph":[{"@type":"WebPage","@id":"https:\/\/khoiminh.com.vn\/san-pham\/quat-ly-tam-ec-k3g450-pa31-03_km230204-ebmpapst\/","url":"https:\/\/khoiminh.com.vn\/san-pham\/quat-ly-tam-ec-k3g450-pa31-03_km230204-ebmpapst\/","name":"QU\u1ea0T LY T\u00c2M EC K3G450-PA31-03 (EBMPAPST) - Kh\u1edfi Minh","isPartOf":{"@id":"https:\/\/khoiminh.com.vn\/#website"},"primaryImageOfPage":{"@id":"https:\/\/khoiminh.com.vn\/san-pham\/quat-ly-tam-ec-k3g450-pa31-03_km230204-ebmpapst\/#primaryimage"},"image":{"@id":"https:\/\/khoiminh.com.vn\/san-pham\/quat-ly-tam-ec-k3g450-pa31-03_km230204-ebmpapst\/#primaryimage"},"thumbnailUrl":"https:\/\/khoiminh.com.vn\/wp-content\/uploads\/2026\/01\/K3G400-PW03-01-2.jpg","datePublished":"2026-01-06T02:35:20+00:00","dateModified":"2026-03-25T04:37:58+00:00","description":"Qu\u1ea1t ly t\u00e2m EC K3G450-PA31-03 l\u00e0 d\u00f2ng qu\u1ea1t c\u00f4ng su\u1ea5t l\u1edbn, thi\u1ebft k\u1ebf cho c\u00e1c h\u1ec7 th\u1ed1ng HVAC c\u00f4ng nghi\u1ec7p y\u00eau c\u1ea7u l\u01b0u l\u01b0\u1ee3ng cao, \u00e1p su\u1ea5t \u1ed5n \u0111\u1ecbnh v\u00e0 \u0111i\u1ec1u khi\u1ec3n th\u00f4ng minh. S\u1ea3n ph\u1ea9m s\u1eed d\u1ee5ng \u0111\u1ed9ng c\u01a1 EC 3 pha hi\u1ec7u su\u1ea5t cao, t\u00edch h\u1ee3p \u0111\u1ea7y \u0111\u1ee7 c\u00e1c chu\u1ea9n giao ti\u1ebfp c\u00f4ng nghi\u1ec7p, ph\u00f9 h\u1ee3p cho v\u1eadn h\u00e0nh li\u00ean t\u1ee5c trong m\u00f4i tr\u01b0\u1eddng kh\u1eafc nghi\u1ec7t.","breadcrumb":{"@id":"https:\/\/khoiminh.com.vn\/san-pham\/quat-ly-tam-ec-k3g450-pa31-03_km230204-ebmpapst\/#breadcrumb"},"inLanguage":"en-US","potentialAction":[{"@type":"ReadAction","target":["https:\/\/khoiminh.com.vn\/san-pham\/quat-ly-tam-ec-k3g450-pa31-03_km230204-ebmpapst\/"]}]},{"@type":"ImageObject","inLanguage":"en-US","@id":"https:\/\/khoiminh.com.vn\/san-pham\/quat-ly-tam-ec-k3g450-pa31-03_km230204-ebmpapst\/#primaryimage","url":"https:\/\/khoiminh.com.vn\/wp-content\/uploads\/2026\/01\/K3G400-PW03-01-2.jpg","contentUrl":"https:\/\/khoiminh.com.vn\/wp-content\/uploads\/2026\/01\/K3G400-PW03-01-2.jpg","width":900,"height":900,"caption":"K3G450-PA31-03"},{"@type":"BreadcrumbList","@id":"https:\/\/khoiminh.com.vn\/san-pham\/quat-ly-tam-ec-k3g450-pa31-03_km230204-ebmpapst\/#breadcrumb","itemListElement":[{"@type":"ListItem","position":1,"name":"Home","item":"https:\/\/khoiminh.com.vn\/"},{"@type":"ListItem","position":2,"name":"S\u1ea3n ph\u1ea9m","item":"https:\/\/khoiminh.com.vn\/san-pham\/"},{"@type":"ListItem","position":3,"name":"QU\u1ea0T LY T\u00c2M EC K3G450-PA31-03 (EBMPAPST)"}]},{"@type":"WebSite","@id":"https:\/\/khoiminh.com.vn\/#website","url":"https:\/\/khoiminh.com.vn\/","name":"Khoi Minh","description":"","potentialAction":[{"@type":"SearchAction","target":{"@type":"EntryPoint","urlTemplate":"https:\/\/khoiminh.com.vn\/?s={search_term_string}"},"query-input":{"@type":"PropertyValueSpecification","valueRequired":true,"valueName":"search_term_string"}}],"inLanguage":"en-US"}]}},"_links":{"self":[{"href":"https:\/\/khoiminh.com.vn\/en\/wp-json\/wp\/v2\/product\/1818","targetHints":{"allow":["GET"]}}],"collection":[{"href":"https:\/\/khoiminh.com.vn\/en\/wp-json\/wp\/v2\/product"}],"about":[{"href":"https:\/\/khoiminh.com.vn\/en\/wp-json\/wp\/v2\/types\/product"}],"replies":[{"embeddable":true,"href":"https:\/\/khoiminh.com.vn\/en\/wp-json\/wp\/v2\/comments?post=1818"}],"wp:featuredmedia":[{"embeddable":true,"href":"https:\/\/khoiminh.com.vn\/en\/wp-json\/wp\/v2\/media\/1827"}],"wp:attachment":[{"href":"https:\/\/khoiminh.com.vn\/en\/wp-json\/wp\/v2\/media?parent=1818"}],"wp:term":[{"taxonomy":"product_brand","embeddable":true,"href":"https:\/\/khoiminh.com.vn\/en\/wp-json\/wp\/v2\/product_brand?post=1818"},{"taxonomy":"product_cat","embeddable":true,"href":"https:\/\/khoiminh.com.vn\/en\/wp-json\/wp\/v2\/product_cat?post=1818"},{"taxonomy":"product_tag","embeddable":true,"href":"https:\/\/khoiminh.com.vn\/en\/wp-json\/wp\/v2\/product_tag?post=1818"}],"curies":[{"name":"wp","href":"https:\/\/api.w.org\/{rel}","templated":true}]}}